{"id":43,"date":"2015-12-20T14:50:41","date_gmt":"2015-12-20T14:50:41","guid":{"rendered":"http:\/\/elka-france.eu\/?page_id=43"},"modified":"2023-08-18T16:30:12","modified_gmt":"2023-08-18T14:30:12","slug":"cabine-beton","status":"publish","type":"page","link":"https:\/\/elka-france.eu\/index.php\/cabine-beton\/","title":{"rendered":"Postes &#038; Cabines B\u00e9ton, PdL"},"content":{"rendered":"\n<p><strong>ELKA-FRANCE<\/strong> repr\u00e9sente l&rsquo;entreprise <strong><a rel=\"noreferrer noopener\" href=\"https:\/\/www.lithobeton.be\/fr\/\" target=\"_blank\">LITHOBETON<\/a><\/strong> sur le territoire fran\u00e7ais, qui est le fabricant et fournisseur sp\u00e9cialis\u00e9 en postes \/ cabines b\u00e9ton, Locaux techniques, p\u00e9n\u00e9trable ou \u00e0 couloir de man\u0153uvre.<\/p>\n\n\n\n<h2 class=\"wp-block-heading has-text-align-center\">Postes de Livraison, PdL, Postes C13100, Postes HT, Postes Enedis, Postes B\u00e9ton, Cabines B\u00e9ton, Locaux Technique<\/h2>\n\n\n\n<div class=\"wp-block-media-text alignwide has-media-on-the-right is-stacked-on-mobile\" style=\"grid-template-columns:auto 30%\"><div class=\"wp-block-media-text__content\">\n<p class=\"has-text-align-left\">Nos postes, \u00e9quip\u00e9s et c\u00e2bl\u00e9s par nos soins, sont agr\u00e9\u00e9s Enedis en C13100.<\/p>\n<\/div><figure class=\"wp-block-media-text__media\"><img loading=\"lazy\" decoding=\"async\" width=\"400\" height=\"300\" src=\"https:\/\/elka-france.eu\/wp-content\/uploads\/2023\/08\/enedis-autorisation.png\" alt=\"\" class=\"wp-image-2496 size-full\" srcset=\"https:\/\/elka-france.eu\/wp-content\/uploads\/2023\/08\/enedis-autorisation.png 400w, https:\/\/elka-france.eu\/wp-content\/uploads\/2023\/08\/enedis-autorisation-300x225.png 300w\" sizes=\"auto, (max-width: 400px) 100vw, 400px\" \/><\/figure><\/div>\n\n\n\n<div class=\"wp-block-columns is-layout-flex wp-container-core-columns-is-layout-9d6595d7 wp-block-columns-is-layout-flex\">\n<div class=\"wp-block-column is-layout-flow wp-block-column-is-layout-flow\">\n<p>Toutes une gamme, jusqu&rsquo;\u00e0 9 m\u00e8tres :<\/p>\n\n\n\n<ul class=\"wp-block-list\">\n<li>Poste C13100 Comptage BT<\/li>\n\n\n\n<li>Poste C13100 Comptage HT<\/li>\n\n\n\n<li>Poste C13100 Producteur Photovolta\u00efque<\/li>\n\n\n\n<li>Poste C13100 \u00c9olien<\/li>\n\n\n\n<li>Poste C13100 M\u00e9thanisation<\/li>\n\n\n\n<li>Poste de transformation &#8211; TGBT<\/li>\n\n\n\n<li>Poste pour les Stations d\u2019Hydrog\u00e8ne<\/li>\n\n\n\n<li>Poste pour la mobilit\u00e9 \u00e9lectrique<\/li>\n\n\n\n<li>Poste C13200 suivant votre besoin<\/li>\n\n\n\n<li>Poste coupe-feu 2h<\/li>\n\n\n\n<li>Poste pour applications industrielles<\/li>\n\n\n\n<li>Poste pour groupe \u00e9lectrog\u00e8ne<\/li>\n\n\n\n<li>Local technique avec plancher en dalles 600&#215;600 Local onduleurs \u2013 batteries<\/li>\n\n\n\n<li>Local batteries de condensateurs<\/li>\n<\/ul>\n\n\n\n<p>Finitions et accessoires :<\/p>\n\n\n\n<ul class=\"wp-block-list\">\n<li>RAL standards 1015, 6003, 7035<\/li>\n\n\n\n<li>Autres RAL, en options<\/li>\n\n\n\n<li>Briquettes, bois, &#8230;.<\/li>\n\n\n\n<li>Dalle interm\u00e9diaire en b\u00e9ton<\/li>\n\n\n\n<li>Dalle interm\u00e9diaire en plancher technique 600&#215;600<\/li>\n\n\n\n<li>Trappe d\u2019acc\u00e8s dans le vide technique 600&#215;600 ou 800&#215;800 verrouillable<\/li>\n\n\n\n<li>Trappe passe-c\u00e2bles pour raccordement d\u2019un groupe \u00e9lectrog\u00e8ne <\/li>\n\n\n\n<li>Fen\u00eatre PVC pour les voyants d\u00e9fauts<\/li>\n\n\n\n<li>Passe-c\u00e2bles \u00e9tanches Hauff-Technik<\/li>\n\n\n\n<li>Bac \u00e9touffoir<\/li>\n\n\n\n<li>Vide technique avec une hauteur de 1m20 possible sur les mod\u00e8les Libra<\/li>\n\n\n\n<li>Hauteur int\u00e9rieure jusqu\u2019\u00e0 3m sur les mod\u00e8les Libra<br><\/li>\n<\/ul>\n<\/div>\n\n\n\n<div class=\"wp-block-column is-layout-flow wp-block-column-is-layout-flow\">\n<figure class=\"wp-block-image size-full\"><img loading=\"lazy\" decoding=\"async\" width=\"800\" height=\"600\" src=\"https:\/\/elka-france.eu\/wp-content\/uploads\/2023\/08\/Elka-France-C13100-comptage-HT-Enedis-PdL-Poste-de-Livraison-Local-Technique-7.jpg\" alt=\"\" class=\"wp-image-2444\" srcset=\"https:\/\/elka-france.eu\/wp-content\/uploads\/2023\/08\/Elka-France-C13100-comptage-HT-Enedis-PdL-Poste-de-Livraison-Local-Technique-7.jpg 800w, https:\/\/elka-france.eu\/wp-content\/uploads\/2023\/08\/Elka-France-C13100-comptage-HT-Enedis-PdL-Poste-de-Livraison-Local-Technique-7-300x225.jpg 300w, https:\/\/elka-france.eu\/wp-content\/uploads\/2023\/08\/Elka-France-C13100-comptage-HT-Enedis-PdL-Poste-de-Livraison-Local-Technique-7-768x576.jpg 768w\" sizes=\"auto, (max-width: 800px) 100vw, 800px\" \/><\/figure>\n\n\n\n<figure class=\"wp-block-image size-full\"><img loading=\"lazy\" decoding=\"async\" width=\"800\" height=\"600\" src=\"https:\/\/elka-france.eu\/wp-content\/uploads\/2023\/08\/Elka-France-C13100-comptage-HT-Enedis-PdL-Poste-de-Livraison-Local-Technique-8.jpg\" alt=\"\" class=\"wp-image-2445\" srcset=\"https:\/\/elka-france.eu\/wp-content\/uploads\/2023\/08\/Elka-France-C13100-comptage-HT-Enedis-PdL-Poste-de-Livraison-Local-Technique-8.jpg 800w, https:\/\/elka-france.eu\/wp-content\/uploads\/2023\/08\/Elka-France-C13100-comptage-HT-Enedis-PdL-Poste-de-Livraison-Local-Technique-8-300x225.jpg 300w, https:\/\/elka-france.eu\/wp-content\/uploads\/2023\/08\/Elka-France-C13100-comptage-HT-Enedis-PdL-Poste-de-Livraison-Local-Technique-8-768x576.jpg 768w\" sizes=\"auto, (max-width: 800px) 100vw, 800px\" \/><\/figure>\n\n\n\n<figure class=\"wp-block-image size-full\"><img loading=\"lazy\" decoding=\"async\" width=\"800\" height=\"600\" src=\"https:\/\/elka-france.eu\/wp-content\/uploads\/2023\/08\/Elka-France-C13100-comptage-HT-Enedis-PdL-Poste-de-Livraison-Local-Technique-9.jpg\" alt=\"\" class=\"wp-image-2446\" srcset=\"https:\/\/elka-france.eu\/wp-content\/uploads\/2023\/08\/Elka-France-C13100-comptage-HT-Enedis-PdL-Poste-de-Livraison-Local-Technique-9.jpg 800w, https:\/\/elka-france.eu\/wp-content\/uploads\/2023\/08\/Elka-France-C13100-comptage-HT-Enedis-PdL-Poste-de-Livraison-Local-Technique-9-300x225.jpg 300w, https:\/\/elka-france.eu\/wp-content\/uploads\/2023\/08\/Elka-France-C13100-comptage-HT-Enedis-PdL-Poste-de-Livraison-Local-Technique-9-768x576.jpg 768w\" sizes=\"auto, (max-width: 800px) 100vw, 800px\" \/><\/figure>\n<\/div>\n<\/div>\n\n\n\n<figure class=\"wp-block-gallery has-nested-images columns-default is-cropped custom-gallery wp-block-gallery-1 is-layout-flex wp-block-gallery-is-layout-flex\">\n<figure class=\"wp-block-image size-large\"><img loading=\"lazy\" decoding=\"async\" width=\"800\" height=\"600\" data-id=\"2447\" src=\"https:\/\/elka-france.eu\/wp-content\/uploads\/2023\/08\/Elka-France-C13100-comptage-HT-Enedis-PdL-Poste-de-Livraison-Local-Technique-10.jpg\" alt=\"\" class=\"wp-image-2447\" srcset=\"https:\/\/elka-france.eu\/wp-content\/uploads\/2023\/08\/Elka-France-C13100-comptage-HT-Enedis-PdL-Poste-de-Livraison-Local-Technique-10.jpg 800w, https:\/\/elka-france.eu\/wp-content\/uploads\/2023\/08\/Elka-France-C13100-comptage-HT-Enedis-PdL-Poste-de-Livraison-Local-Technique-10-300x225.jpg 300w, https:\/\/elka-france.eu\/wp-content\/uploads\/2023\/08\/Elka-France-C13100-comptage-HT-Enedis-PdL-Poste-de-Livraison-Local-Technique-10-768x576.jpg 768w\" sizes=\"auto, (max-width: 800px) 100vw, 800px\" \/><\/figure>\n\n\n\n<figure class=\"wp-block-image size-large\"><img loading=\"lazy\" decoding=\"async\" width=\"800\" height=\"600\" data-id=\"2448\" src=\"https:\/\/elka-france.eu\/wp-content\/uploads\/2023\/08\/Elka-France-C13100-comptage-HT-Enedis-PdL-Poste-de-Livraison-Local-Technique-11.jpg\" alt=\"\" class=\"wp-image-2448\" srcset=\"https:\/\/elka-france.eu\/wp-content\/uploads\/2023\/08\/Elka-France-C13100-comptage-HT-Enedis-PdL-Poste-de-Livraison-Local-Technique-11.jpg 800w, https:\/\/elka-france.eu\/wp-content\/uploads\/2023\/08\/Elka-France-C13100-comptage-HT-Enedis-PdL-Poste-de-Livraison-Local-Technique-11-300x225.jpg 300w, https:\/\/elka-france.eu\/wp-content\/uploads\/2023\/08\/Elka-France-C13100-comptage-HT-Enedis-PdL-Poste-de-Livraison-Local-Technique-11-768x576.jpg 768w\" sizes=\"auto, (max-width: 800px) 100vw, 800px\" \/><\/figure>\n\n\n\n<figure class=\"wp-block-image size-large\"><img loading=\"lazy\" decoding=\"async\" width=\"600\" height=\"800\" data-id=\"2449\" src=\"https:\/\/elka-france.eu\/wp-content\/uploads\/2023\/08\/Elka-France-C13100-comptage-HT-Enedis-PdL-Poste-de-Livraison-Local-Technique-12.jpg\" alt=\"\" class=\"wp-image-2449\" srcset=\"https:\/\/elka-france.eu\/wp-content\/uploads\/2023\/08\/Elka-France-C13100-comptage-HT-Enedis-PdL-Poste-de-Livraison-Local-Technique-12.jpg 600w, https:\/\/elka-france.eu\/wp-content\/uploads\/2023\/08\/Elka-France-C13100-comptage-HT-Enedis-PdL-Poste-de-Livraison-Local-Technique-12-225x300.jpg 225w\" sizes=\"auto, (max-width: 600px) 100vw, 600px\" \/><\/figure>\n<\/figure>\n\n\n\n<p>Les toits sont d\u00e9montables sur toute la gamme, ce qui facilite la manutention des \u00e9quipements tels que les transformateurs, TGBT, &#8230;.<\/p>\n\n\n\n<div class=\"wp-block-columns is-layout-flex wp-container-core-columns-is-layout-9d6595d7 wp-block-columns-is-layout-flex\">\n<div class=\"wp-block-column is-layout-flow wp-block-column-is-layout-flow\">\n<figure class=\"wp-block-image size-full\"><img loading=\"lazy\" decoding=\"async\" width=\"800\" height=\"600\" src=\"https:\/\/elka-france.eu\/wp-content\/uploads\/2023\/08\/Elka-France-C13100-comptage-HT-Enedis-PdL-Poste-de-Livraison-Local-Technique-13.jpg\" alt=\"\" class=\"wp-image-2450\" srcset=\"https:\/\/elka-france.eu\/wp-content\/uploads\/2023\/08\/Elka-France-C13100-comptage-HT-Enedis-PdL-Poste-de-Livraison-Local-Technique-13.jpg 800w, https:\/\/elka-france.eu\/wp-content\/uploads\/2023\/08\/Elka-France-C13100-comptage-HT-Enedis-PdL-Poste-de-Livraison-Local-Technique-13-300x225.jpg 300w, https:\/\/elka-france.eu\/wp-content\/uploads\/2023\/08\/Elka-France-C13100-comptage-HT-Enedis-PdL-Poste-de-Livraison-Local-Technique-13-768x576.jpg 768w\" sizes=\"auto, (max-width: 800px) 100vw, 800px\" \/><\/figure>\n<\/div>\n\n\n\n<div class=\"wp-block-column is-layout-flow wp-block-column-is-layout-flow\">\n<figure class=\"wp-block-image size-full\"><img loading=\"lazy\" decoding=\"async\" width=\"600\" height=\"800\" src=\"https:\/\/elka-france.eu\/wp-content\/uploads\/2023\/08\/Elka-France-C13100-comptage-HT-Enedis-PdL-Poste-de-Livraison-Local-Technique-14.jpg\" alt=\"\" class=\"wp-image-2451\" srcset=\"https:\/\/elka-france.eu\/wp-content\/uploads\/2023\/08\/Elka-France-C13100-comptage-HT-Enedis-PdL-Poste-de-Livraison-Local-Technique-14.jpg 600w, https:\/\/elka-france.eu\/wp-content\/uploads\/2023\/08\/Elka-France-C13100-comptage-HT-Enedis-PdL-Poste-de-Livraison-Local-Technique-14-225x300.jpg 225w\" sizes=\"auto, (max-width: 600px) 100vw, 600px\" \/><\/figure>\n<\/div>\n<\/div>\n\n\n\n<p><\/p>\n","protected":false},"excerpt":{"rendered":"<p>ELKA-FRANCE repr\u00e9sente l&rsquo;entreprise LITHOBETON sur le territoire fran\u00e7ais, qui est le fabricant et fournisseur sp\u00e9cialis\u00e9 en postes \/ cabines b\u00e9ton, Locaux techniques, p\u00e9n\u00e9trable ou \u00e0 couloir de man\u0153uvre. Postes de Livraison, PdL, Postes C13100, Postes HT, Postes Enedis, Postes B\u00e9ton, Cabines B\u00e9ton, Locaux Technique Nos postes, \u00e9quip\u00e9s et c\u00e2bl\u00e9s par nos soins, sont agr\u00e9\u00e9s Enedis&hellip; <br \/> <a class=\"read-more\" href=\"https:\/\/elka-france.eu\/index.php\/cabine-beton\/\">Lire la suite<\/a><\/p>\n","protected":false},"author":6,"featured_media":2492,"parent":0,"menu_order":0,"comment_status":"closed","ping_status":"closed","template":"","meta":{"_monsterinsights_skip_tracking":false,"_monsterinsights_sitenote_active":false,"_monsterinsights_sitenote_note":"","_monsterinsights_sitenote_category":0,"footnotes":""},"class_list":["post-43","page","type-page","status-publish","has-post-thumbnail","hentry"],"_links":{"self":[{"href":"https:\/\/elka-france.eu\/index.php\/wp-json\/wp\/v2\/pages\/43","targetHints":{"allow":["GET"]}}],"collection":[{"href":"https:\/\/elka-france.eu\/index.php\/wp-json\/wp\/v2\/pages"}],"about":[{"href":"https:\/\/elka-france.eu\/index.php\/wp-json\/wp\/v2\/types\/page"}],"author":[{"embeddable":true,"href":"https:\/\/elka-france.eu\/index.php\/wp-json\/wp\/v2\/users\/6"}],"replies":[{"embeddable":true,"href":"https:\/\/elka-france.eu\/index.php\/wp-json\/wp\/v2\/comments?post=43"}],"version-history":[{"count":140,"href":"https:\/\/elka-france.eu\/index.php\/wp-json\/wp\/v2\/pages\/43\/revisions"}],"predecessor-version":[{"id":2543,"href":"https:\/\/elka-france.eu\/index.php\/wp-json\/wp\/v2\/pages\/43\/revisions\/2543"}],"wp:featuredmedia":[{"embeddable":true,"href":"https:\/\/elka-france.eu\/index.php\/wp-json\/wp\/v2\/media\/2492"}],"wp:attachment":[{"href":"https:\/\/elka-france.eu\/index.php\/wp-json\/wp\/v2\/media?parent=43"}],"curies":[{"name":"wp","href":"https:\/\/api.w.org\/{rel}","templated":true}]}}