{"id":39,"date":"2015-12-20T11:13:47","date_gmt":"2015-12-20T11:13:47","guid":{"rendered":"http:\/\/elka-france.eu\/?page_id=39"},"modified":"2023-08-16T17:58:11","modified_gmt":"2023-08-16T15:58:11","slug":"nous-contacter","status":"publish","type":"page","link":"https:\/\/elka-france.eu\/index.php\/nous-contacter\/","title":{"rendered":"Nous contacter"},"content":{"rendered":"\n<p>Nous livrons les Postes de Livraison, Postes C13100, Postes HT, Postes Enedis, Postes B\u00e9ton, Cabines B\u00e9ton, Locaux Technique, Tableaux HT et Transformateurs partout en France et DOM-TOM.<\/p>\n\n\n\n<p>N&rsquo;h\u00e9sitez pas \u00e0 nous contacter pour tout renseignement.<\/p>\n\n\n\n<div class=\"wp-block-columns is-layout-flex wp-container-core-columns-is-layout-9d6595d7 wp-block-columns-is-layout-flex\">\n<div class=\"wp-block-column is-layout-flow wp-block-column-is-layout-flow\">\n<p class=\"has-text-align-center\">Par mail : <a rel=\"noreferrer noopener\" href=\"mailto:contact@elka-france.eu\" target=\"_blank\">contact@elka-france.eu<\/a><\/p>\n\n\n\n<p class=\"has-text-align-center\">Par t\u00e9l\u00e9phone : +33 (0) 320 13 29 70<\/p>\n<\/div>\n\n\n\n<div class=\"wp-block-column is-layout-flow wp-block-column-is-layout-flow\">\n<p class=\"has-text-align-center\">ZAC Maurice Schumann<\/p>\n\n\n\n<p class=\"has-text-align-center\">15 Rue Jacques-Yves Cousteau<\/p>\n\n\n\n<p class=\"has-text-align-center\">F-59560 COMINES<\/p>\n<\/div>\n<\/div>\n\n\n\n<center style=\"margin-top: 25px;\"><iframe src=\"https:\/\/www.google.com\/maps\/embed?pb=!1m14!1m8!1m3!1d10096.910294103162!2d2.9898195!3d50.7528138!3m2!1i1024!2i768!4f13.1!3m3!1m2!1s0x47dcd3bd25e78e55%3A0xc5c1755f8b69ef4c!2sElka-France!5e0!3m2!1sfr!2sfr!4v1692133894959!5m2!1sfr!2sfr\" width=\"600\" height=\"450\" style=\"border:0;\" allowfullscreen=\"\" loading=\"lazy\" referrerpolicy=\"no-referrer-when-downgrade\"><\/iframe><\/center>\n","protected":false},"excerpt":{"rendered":"<p>Nous livrons les Postes de Livraison, Postes C13100, Postes HT, Postes Enedis, Postes B\u00e9ton, Cabines B\u00e9ton, Locaux Technique, Tableaux HT et Transformateurs partout en France et DOM-TOM. N&rsquo;h\u00e9sitez pas \u00e0 nous contacter pour tout renseignement. Par mail : contact@elka-france.eu Par t\u00e9l\u00e9phone : +33 (0) 320 13 29 70 ZAC Maurice Schumann 15 Rue Jacques-Yves Cousteau&hellip; <br \/> <a class=\"read-more\" href=\"https:\/\/elka-france.eu\/index.php\/nous-contacter\/\">Lire la suite<\/a><\/p>\n","protected":false},"author":1,"featured_media":2540,"parent":0,"menu_order":0,"comment_status":"closed","ping_status":"closed","template":"","meta":{"_monsterinsights_skip_tracking":false,"_monsterinsights_sitenote_active":false,"_monsterinsights_sitenote_note":"","_monsterinsights_sitenote_category":0,"footnotes":""},"class_list":["post-39","page","type-page","status-publish","has-post-thumbnail","hentry"],"_links":{"self":[{"href":"https:\/\/elka-france.eu\/index.php\/wp-json\/wp\/v2\/pages\/39","targetHints":{"allow":["GET"]}}],"collection":[{"href":"https:\/\/elka-france.eu\/index.php\/wp-json\/wp\/v2\/pages"}],"about":[{"href":"https:\/\/elka-france.eu\/index.php\/wp-json\/wp\/v2\/types\/page"}],"author":[{"embeddable":true,"href":"https:\/\/elka-france.eu\/index.php\/wp-json\/wp\/v2\/users\/1"}],"replies":[{"embeddable":true,"href":"https:\/\/elka-france.eu\/index.php\/wp-json\/wp\/v2\/comments?post=39"}],"version-history":[{"count":38,"href":"https:\/\/elka-france.eu\/index.php\/wp-json\/wp\/v2\/pages\/39\/revisions"}],"predecessor-version":[{"id":2536,"href":"https:\/\/elka-france.eu\/index.php\/wp-json\/wp\/v2\/pages\/39\/revisions\/2536"}],"wp:featuredmedia":[{"embeddable":true,"href":"https:\/\/elka-france.eu\/index.php\/wp-json\/wp\/v2\/media\/2540"}],"wp:attachment":[{"href":"https:\/\/elka-france.eu\/index.php\/wp-json\/wp\/v2\/media?parent=39"}],"curies":[{"name":"wp","href":"https:\/\/api.w.org\/{rel}","templated":true}]}}