{"id":2363,"date":"2023-07-21T09:14:37","date_gmt":"2023-07-21T09:14:37","guid":{"rendered":"https:\/\/elka-france.eu\/?page_id=2363"},"modified":"2023-08-15T23:37:58","modified_gmt":"2023-08-15T21:37:58","slug":"negoce-materiel-ht","status":"publish","type":"page","link":"https:\/\/elka-france.eu\/index.php\/negoce-materiel-ht\/","title":{"rendered":"N\u00e9goce (Mat\u00e9riel HT)"},"content":{"rendered":"\n<p>En compl\u00e9ment des postes \/ cabines b\u00e9ton, ELKA-FRANCE N\u00e9goce, vous propose l\u2019ensemble des \u00e9quipements haute tension pour la r\u00e9alisation de vos projets, vos chantiers et interventions techniques.<\/p>\n\n\n\n<h2 class=\"wp-block-heading\">N\u00e9goce mat\u00e9riel et \u00e9quipement HTA, Cellules, transformateurs, accessoires<\/h2>\n\n\n\n<div class=\"wp-block-columns is-layout-flex wp-container-core-columns-is-layout-9d6595d7 wp-block-columns-is-layout-flex\">\n<div class=\"wp-block-column is-layout-flow wp-block-column-is-layout-flow\">\n<ul class=\"wp-block-list\">\n<li>Cellules HTA Schneider, SM6, RM6, SM AirSet, NS500, &#8230;<\/li>\n\n\n\n<li>Transformateurs huile, de 50 \u00e0 2500kva<\/li>\n\n\n\n<li>Transformateur Sec IP00 ou IP21\/31 de 100 \u00e0 3150kva<\/li>\n\n\n\n<li>Bac \u00e9touffoir pour transformateurs huile toutes puissances<\/li>\n\n\n\n<li>Liaisons HTA, et Kit extr\u00e9mit\u00e9s de c\u00e2bles HT<\/li>\n\n\n\n<li>Batterie de condensateurs<\/li>\n\n\n\n<li>Affichage, signalisation, \u00e9quipement de poste jusqu\u2019\u00e0 20kv<\/li>\n\n\n\n<li>Dalles b\u00e9ton pour la signalisation<\/li>\n<\/ul>\n\n\n\n<p>Nous avons de la disponibilit\u00e9 en stock.<\/p>\n<\/div>\n\n\n\n<div class=\"wp-block-column is-layout-flow wp-block-column-is-layout-flow\"><div class=\"wp-block-image\">\n<figure class=\"aligncenter size-full is-resized\"><img loading=\"lazy\" decoding=\"async\" src=\"https:\/\/elka-france.eu\/wp-content\/uploads\/2023\/08\/Elka-France-SM-AirSet-C13100-comptage-HT-Enedis-PdL-Poste-de-Livraison-Local-Technique-20.jpg\" alt=\"Elka-France, SM AirSet , C13100, comptage HT, Enedis, PdL, Poste de Livraison, Local Technique\" class=\"wp-image-2458\" style=\"width:402px;height:504px\" width=\"402\" height=\"504\" srcset=\"https:\/\/elka-france.eu\/wp-content\/uploads\/2023\/08\/Elka-France-SM-AirSet-C13100-comptage-HT-Enedis-PdL-Poste-de-Livraison-Local-Technique-20.jpg 638w, https:\/\/elka-france.eu\/wp-content\/uploads\/2023\/08\/Elka-France-SM-AirSet-C13100-comptage-HT-Enedis-PdL-Poste-de-Livraison-Local-Technique-20-239x300.jpg 239w\" sizes=\"auto, (max-width: 402px) 100vw, 402px\" \/><figcaption class=\"wp-element-caption\"><em>SM AirSet<\/em><\/figcaption><\/figure>\n<\/div><\/div>\n<\/div>\n\n\n\n<figure class=\"wp-block-gallery has-nested-images columns-3 is-cropped custom-gallery wp-block-gallery-1 is-layout-flex wp-block-gallery-is-layout-flex\">\n<figure class=\"wp-block-image size-large\"><img loading=\"lazy\" decoding=\"async\" width=\"714\" height=\"800\" data-id=\"2459\" src=\"https:\/\/elka-france.eu\/wp-content\/uploads\/2023\/08\/Elka-France-Transformateur-HTA-C13100-comptage-HT-Enedis-PdL-Poste-de-Livraison-Local-Technique-15.jpg\" alt=\"\" class=\"wp-image-2459\" srcset=\"https:\/\/elka-france.eu\/wp-content\/uploads\/2023\/08\/Elka-France-Transformateur-HTA-C13100-comptage-HT-Enedis-PdL-Poste-de-Livraison-Local-Technique-15.jpg 714w, https:\/\/elka-france.eu\/wp-content\/uploads\/2023\/08\/Elka-France-Transformateur-HTA-C13100-comptage-HT-Enedis-PdL-Poste-de-Livraison-Local-Technique-15-268x300.jpg 268w\" sizes=\"auto, (max-width: 714px) 100vw, 714px\" \/><\/figure>\n\n\n\n<figure class=\"wp-block-image size-large\"><img loading=\"lazy\" decoding=\"async\" width=\"423\" height=\"597\" data-id=\"2461\" src=\"https:\/\/elka-france.eu\/wp-content\/uploads\/2023\/08\/Elka-France-Batterie-de-Condensateurs-C13100-comptage-HT-Enedis-PdL-Poste-de-Livraison-Local-Technique-18.jpg\" alt=\"\" class=\"wp-image-2461\" srcset=\"https:\/\/elka-france.eu\/wp-content\/uploads\/2023\/08\/Elka-France-Batterie-de-Condensateurs-C13100-comptage-HT-Enedis-PdL-Poste-de-Livraison-Local-Technique-18.jpg 423w, https:\/\/elka-france.eu\/wp-content\/uploads\/2023\/08\/Elka-France-Batterie-de-Condensateurs-C13100-comptage-HT-Enedis-PdL-Poste-de-Livraison-Local-Technique-18-213x300.jpg 213w\" sizes=\"auto, (max-width: 423px) 100vw, 423px\" \/><\/figure>\n\n\n\n<figure class=\"wp-block-image size-large\"><img loading=\"lazy\" decoding=\"async\" width=\"800\" height=\"600\" data-id=\"2462\" src=\"https:\/\/elka-france.eu\/wp-content\/uploads\/2023\/08\/Elka-France-Bac-etouffoir-Bac-coupe-feuTransformateur-HTA-C13100-comptage-HT-Enedis-PdL-Poste-de-Livraison-Local-Technique-19.jpg\" alt=\"\" class=\"wp-image-2462\" srcset=\"https:\/\/elka-france.eu\/wp-content\/uploads\/2023\/08\/Elka-France-Bac-etouffoir-Bac-coupe-feuTransformateur-HTA-C13100-comptage-HT-Enedis-PdL-Poste-de-Livraison-Local-Technique-19.jpg 800w, https:\/\/elka-france.eu\/wp-content\/uploads\/2023\/08\/Elka-France-Bac-etouffoir-Bac-coupe-feuTransformateur-HTA-C13100-comptage-HT-Enedis-PdL-Poste-de-Livraison-Local-Technique-19-300x225.jpg 300w, https:\/\/elka-france.eu\/wp-content\/uploads\/2023\/08\/Elka-France-Bac-etouffoir-Bac-coupe-feuTransformateur-HTA-C13100-comptage-HT-Enedis-PdL-Poste-de-Livraison-Local-Technique-19-768x576.jpg 768w\" sizes=\"auto, (max-width: 800px) 100vw, 800px\" \/><\/figure>\n<\/figure>\n","protected":false},"excerpt":{"rendered":"<p>En compl\u00e9ment des postes \/ cabines b\u00e9ton, ELKA-FRANCE N\u00e9goce, vous propose l\u2019ensemble des \u00e9quipements haute tension pour la r\u00e9alisation de vos projets, vos chantiers et interventions techniques. N\u00e9goce mat\u00e9riel et \u00e9quipement HTA, Cellules, transformateurs, accessoires Nous avons de la disponibilit\u00e9 en stock.<\/p>\n","protected":false},"author":1,"featured_media":2463,"parent":0,"menu_order":0,"comment_status":"closed","ping_status":"closed","template":"","meta":{"_monsterinsights_skip_tracking":false,"_monsterinsights_sitenote_active":false,"_monsterinsights_sitenote_note":"","_monsterinsights_sitenote_category":0,"footnotes":""},"class_list":["post-2363","page","type-page","status-publish","has-post-thumbnail","hentry"],"_links":{"self":[{"href":"https:\/\/elka-france.eu\/index.php\/wp-json\/wp\/v2\/pages\/2363","targetHints":{"allow":["GET"]}}],"collection":[{"href":"https:\/\/elka-france.eu\/index.php\/wp-json\/wp\/v2\/pages"}],"about":[{"href":"https:\/\/elka-france.eu\/index.php\/wp-json\/wp\/v2\/types\/page"}],"author":[{"embeddable":true,"href":"https:\/\/elka-france.eu\/index.php\/wp-json\/wp\/v2\/users\/1"}],"replies":[{"embeddable":true,"href":"https:\/\/elka-france.eu\/index.php\/wp-json\/wp\/v2\/comments?post=2363"}],"version-history":[{"count":8,"href":"https:\/\/elka-france.eu\/index.php\/wp-json\/wp\/v2\/pages\/2363\/revisions"}],"predecessor-version":[{"id":2530,"href":"https:\/\/elka-france.eu\/index.php\/wp-json\/wp\/v2\/pages\/2363\/revisions\/2530"}],"wp:featuredmedia":[{"embeddable":true,"href":"https:\/\/elka-france.eu\/index.php\/wp-json\/wp\/v2\/media\/2463"}],"wp:attachment":[{"href":"https:\/\/elka-france.eu\/index.php\/wp-json\/wp\/v2\/media?parent=2363"}],"curies":[{"name":"wp","href":"https:\/\/api.w.org\/{rel}","templated":true}]}}